{"id":1227,"date":"2022-01-24T10:22:32","date_gmt":"2022-01-24T08:22:32","guid":{"rendered":"https:\/\/lymed.fi\/en\/?page_id=1227"},"modified":"2022-08-09T09:53:13","modified_gmt":"2022-08-09T06:53:13","slug":"contact","status":"publish","type":"page","link":"https:\/\/lymed.fi\/en\/contact\/","title":{"rendered":"Contact Details"},"content":{"rendered":"<p>[et_pb_section fb_built=&#8221;1&#8243; next_background_color=&#8221;#ffffff&#8221; _builder_version=&#8221;4.17.3&#8243; _module_preset=&#8221;default&#8221; use_background_color_gradient=&#8221;on&#8221; background_color_gradient_stops=&#8221;#145b42 0%|#145b42 100%&#8221; background_color_gradient_start=&#8221;#145b42&#8243; background_color_gradient_end=&#8221;#145b42&#8243; background_image=&#8221;https:\/\/lymed.fi\/en\/wp-content\/uploads\/2022\/03\/kangas_tausta_2.jpg&#8221; background_position=&#8221;top_left&#8221; background_blend=&#8221;overlay&#8221; custom_margin=&#8221;-70px||||false|false&#8221; custom_padding=&#8221;||50px||false|false&#8221; bottom_divider_style=&#8221;slant&#8221; bottom_divider_height_tablet=&#8221;48px&#8221; bottom_divider_height_phone=&#8221;26px&#8221; bottom_divider_height_last_edited=&#8221;on|desktop&#8221; background_color_gradient_stops_tablet=&#8221;#145b42 0%|#145b42 100%&#8221; background_color_gradient_stops_phone=&#8221;#145b42 0%|#145b42 100%&#8221; global_module=&#8221;2311&#8243; global_colors_info=&#8221;{}&#8221;][et_pb_row _builder_version=&#8221;4.16&#8243; _module_preset=&#8221;default&#8221; global_colors_info=&#8221;{}&#8221;][et_pb_column type=&#8221;4_4&#8243; _builder_version=&#8221;4.16&#8243; _module_preset=&#8221;default&#8221; global_colors_info=&#8221;{}&#8221;][et_pb_text _builder_version=&#8221;4.17.6&#8243; _dynamic_attributes=&#8221;content&#8221; _module_preset=&#8221;default&#8221; text_font=&#8221;Open Sans||||||||&#8221; header_font=&#8221;Open Sans|700|||||||&#8221; header_text_align=&#8221;center&#8221; header_text_color=&#8221;#FFFFFF&#8221; header_font_size=&#8221;54px&#8221; module_alignment=&#8221;center&#8221; custom_padding=&#8221;3%||4%||false|false&#8221; custom_padding_last_edited=&#8221;off|desktop&#8221; hover_enabled=&#8221;0&#8243; header_font_size_tablet=&#8221;&#8221; header_font_size_phone=&#8221;34px&#8221; header_font_size_last_edited=&#8221;on|tablet&#8221; global_colors_info=&#8221;{}&#8221; sticky_enabled=&#8221;0&#8243;]@ET-DC@eyJkeW5hbWljIjp0cnVlLCJjb250ZW50IjoicG9zdF90aXRsZSIsInNldHRpbmdzIjp7ImJlZm9yZSI6IjxoMT4iLCJhZnRlciI6IjwvaDE+In19@[\/et_pb_text][\/et_pb_column][\/et_pb_row][\/et_pb_section][et_pb_section fb_built=&#8221;1&#8243; specialty=&#8221;on&#8221; _builder_version=&#8221;4.16&#8243; _module_preset=&#8221;default&#8221; custom_padding=&#8221;42px|||||&#8221; global_colors_info=&#8221;{}&#8221;][et_pb_column type=&#8221;1_3&#8243; _builder_version=&#8221;4.16&#8243; custom_padding=&#8221;|||&#8221; global_colors_info=&#8221;{}&#8221; custom_padding__hover=&#8221;|||&#8221;][et_pb_text _builder_version=&#8221;4.14.7&#8243; _module_preset=&#8221;default&#8221; text_font=&#8221;Work Sans||||||||&#8221; text_font_size=&#8221;15px&#8221; global_module=&#8221;3464&#8243; saved_tabs=&#8221;all&#8221; locked=&#8221;off&#8221; global_colors_info=&#8221;{}&#8221;]<\/p>\n<span><span><a href=\"https:\/\/lymed.fi\/en\/\">Lymed<\/a><\/span><\/span>\n<p>[\/et_pb_text][et_pb_menu menu_id=&#8221;48&#8243; dropdown_menu_bg_color=&#8221;#FFFFFF&#8221; dropdown_menu_line_color=&#8221;#7CDA24&#8243; dropdown_menu_active_link_color=&#8221;#7CDA24&#8243; mobile_menu_bg_color=&#8221;#f4f4f4&#8243; module_class=&#8221;et-vert-menu&#8221; _builder_version=&#8221;4.14.8&#8243; _module_preset=&#8221;default&#8221; menu_font=&#8221;Open Sans|600|||||||&#8221; menu_text_color=&#8221;#295e12&#8243; menu_font_size=&#8221;16px&#8221; menu_line_height=&#8221;1.2em&#8221; custom_margin=&#8221;1px||||false|false&#8221; custom_padding=&#8221;2px||||false|false&#8221; sticky_position=&#8221;top&#8221; sticky_offset_top=&#8221;15px&#8221; sticky_limit_bottom=&#8221;row&#8221; sticky_position_tablet=&#8221;none&#8221; sticky_position_phone=&#8221;none&#8221; sticky_position_last_edited=&#8221;on|desktop&#8221; custom_css_menu_link=&#8221;width: 100%;||padding: 1vh 15px;||background: #f8f8f8;||border-radius: 8px;||border: 1px solid #eeeeee;&#8221; custom_css_active_menu_link=&#8221;border: 2px solid #a9d1a7;&#8221; global_module=&#8221;3584&#8243; saved_tabs=&#8221;all&#8221; locked=&#8221;off&#8221; global_colors_info=&#8221;{}&#8221; custom_css_menu_link_last_edited=&#8221;on|desktop&#8221; custom_css_menu_link_tablet=&#8221;width: auto;||border:none;&#8221; menu_text_color__hover_enabled=&#8221;on|desktop&#8221; menu_text_color__hover=&#8221;#1dc62b&#8221; custom_css_menu_link_phone=&#8221;width: auto;||border:none;&#8221;][\/et_pb_menu][et_pb_code _builder_version=&#8221;4.16&#8243; _module_preset=&#8221;default&#8221; background_color_gradient_stops_tablet=&#8221;#2b87da 0%|#29c4a9 100%&#8221; background_color_gradient_stops_phone=&#8221;#2b87da 0%|#29c4a9 100%&#8221; global_module=&#8221;3402&#8243; saved_tabs=&#8221;all&#8221; locked=&#8221;off&#8221; global_colors_info=&#8221;{}&#8221;]<\/p>\n<style><!-- [et_pb_line_break_holder] -->\/*Style Vertical Navigation Menu*\/ <!-- [et_pb_line_break_holder] -->.et-vert-menu .et_pb_menu__menu>nav>ul {<!-- [et_pb_line_break_holder] -->  flex-direction: column;<!-- [et_pb_line_break_holder] -->  margin-left: 0px !important;<!-- [et_pb_line_break_holder] -->  margin-right: 0px !important;<!-- [et_pb_line_break_holder] -->  width: 100%;<!-- [et_pb_line_break_holder] -->  }<!-- [et_pb_line_break_holder] -->.et-vert-menu .et_pb_menu__menu>nav>ul>li {<!-- [et_pb_line_break_holder] -->  margin: 10px 0 !important;<!-- [et_pb_line_break_holder] -->  }<!-- [et_pb_line_break_holder] -->.et-vert-menu .et_pb_menu__menu>nav>ul>li>ul li {<!-- [et_pb_line_break_holder] -->  display:block !important;<!-- [et_pb_line_break_holder] -->  padding: 0px !important;<!-- [et_pb_line_break_holder] -->  }<!-- [et_pb_line_break_holder] -->  .et-vert-menu .et_pb_menu__menu>nav>ul ul {<!-- [et_pb_line_break_holder] -->    padding: 0px !important;<!-- [et_pb_line_break_holder] -->    top: 0px !important;<!-- [et_pb_line_break_holder] -->  }<!-- [et_pb_line_break_holder] -->.et-vert-menu .et_pb_menu__menu>nav>ul>li>ul {<!-- [et_pb_line_break_holder] -->  left:calc(100% - 30px) !important;<!-- [et_pb_line_break_holder] -->  top:0px !important;<!-- [et_pb_line_break_holder] -->  }<!-- [et_pb_line_break_holder] -->.et-vert-menu .et-menu .menu-item-has-children>a:first-child:after {<!-- [et_pb_line_break_holder] -->  content: \"5\" !important; \/*change arrow icon for submenu*\/<!-- [et_pb_line_break_holder] -->  right: 20px !important;<!-- [et_pb_line_break_holder] -->  top: 10px;<!-- [et_pb_line_break_holder] -->  }<!-- [et_pb_line_break_holder] -->.et-vert-menu .nav li ul {<!-- [et_pb_line_break_holder] -->    left: calc(100% - 1px) !important; \/*align submenu to the right of menu link*\/<!-- [et_pb_line_break_holder] -->  }<!-- [et_pb_line_break_holder] -->@media all and (min-width: 981px) {<!-- [et_pb_line_break_holder] -->.et-vert-menu .et_pb_menu__menu, .et-vert-menu .et_pb_menu__menu>nav {<!-- [et_pb_line_break_holder] -->    width: 100%; \/*width of the vertical navigation menu*\/<!-- [et_pb_line_break_holder] -->  }<!-- [et_pb_line_break_holder] -->}<!-- [et_pb_line_break_holder] -->}<!-- [et_pb_line_break_holder] --><\/style>\n<p>[\/et_pb_code][\/et_pb_column][et_pb_column type=&#8221;2_3&#8243; specialty_columns=&#8221;2&#8243; _builder_version=&#8221;4.16&#8243; custom_padding=&#8221;|||&#8221; global_colors_info=&#8221;{}&#8221; custom_padding__hover=&#8221;|||&#8221;][et_pb_row_inner _builder_version=&#8221;4.16&#8243; _module_preset=&#8221;default&#8221; custom_padding=&#8221;0px||0px|||&#8221; global_colors_info=&#8221;{}&#8221;][et_pb_column_inner saved_specialty_column_type=&#8221;2_3&#8243; _builder_version=&#8221;4.16&#8243; _module_preset=&#8221;default&#8221; global_colors_info=&#8221;{}&#8221;][et_pb_image src=&#8221;https:\/\/lymed.fi\/en\/wp-content\/uploads\/2022\/01\/lymed-logo.svg&#8221; alt=&#8221;lymed&#8221; title_text=&#8221;lymed-logo&#8221; _builder_version=&#8221;4.17.4&#8243; _module_preset=&#8221;default&#8221; width=&#8221;61%&#8221; global_colors_info=&#8221;{}&#8221;][\/et_pb_image][et_pb_text _builder_version=&#8221;4.17.6&#8243; _module_preset=&#8221;default&#8221; text_font=&#8221;Work Sans||||||||&#8221; text_font_size=&#8221;18px&#8221; text_line_height=&#8221;2.7em&#8221; header_3_font=&#8221;Work Sans|600|||||||&#8221; header_3_font_size=&#8221;32px&#8221; header_3_font_size_tablet=&#8221;28px&#8221; header_3_font_size_phone=&#8221;21px&#8221; header_3_font_size_last_edited=&#8221;on|phone&#8221; global_colors_info=&#8221;{}&#8221;][\/et_pb_text][\/et_pb_column_inner][\/et_pb_row_inner][et_pb_row_inner _builder_version=&#8221;4.16&#8243; _module_preset=&#8221;default&#8221; custom_padding=&#8221;||9px|||&#8221; global_colors_info=&#8221;{}&#8221;][et_pb_column_inner saved_specialty_column_type=&#8221;2_3&#8243; _builder_version=&#8221;4.16&#8243; _module_preset=&#8221;default&#8221; global_colors_info=&#8221;{}&#8221;][et_pb_divider _builder_version=&#8221;4.16&#8243; _module_preset=&#8221;default&#8221; global_colors_info=&#8221;{}&#8221;][\/et_pb_divider][\/et_pb_column_inner][\/et_pb_row_inner][et_pb_row_inner _builder_version=&#8221;4.16&#8243; _module_preset=&#8221;default&#8221; custom_padding=&#8221;||0px|||&#8221; global_colors_info=&#8221;{}&#8221;][et_pb_column_inner saved_specialty_column_type=&#8221;2_3&#8243; _builder_version=&#8221;4.16&#8243; _module_preset=&#8221;default&#8221; global_colors_info=&#8221;{}&#8221;][et_pb_text _builder_version=&#8221;4.17.4&#8243; _module_preset=&#8221;default&#8221; text_font=&#8221;Work Sans||||||||&#8221; text_font_size=&#8221;18px&#8221; text_line_height=&#8221;2.7em&#8221; header_3_font=&#8221;Work Sans|600|||||||&#8221; header_3_font_size=&#8221;29px&#8221; header_3_font_size_tablet=&#8221;29px&#8221; header_3_font_size_phone=&#8221;23px&#8221; header_3_font_size_last_edited=&#8221;on|phone&#8221; global_colors_info=&#8221;{}&#8221;]<\/p>\n<h3>Customer service:<\/h3>\n<p>[\/et_pb_text][\/et_pb_column_inner][\/et_pb_row_inner][et_pb_row_inner column_structure=&#8221;1_2,1_2&#8243; _builder_version=&#8221;4.16&#8243; _module_preset=&#8221;default&#8221; custom_padding=&#8221;21px||26px|||&#8221; global_colors_info=&#8221;{}&#8221;][et_pb_column_inner type=&#8221;1_2&#8243; saved_specialty_column_type=&#8221;2_3&#8243; _builder_version=&#8221;4.16&#8243; _module_preset=&#8221;default&#8221; global_colors_info=&#8221;{}&#8221;][et_pb_text _builder_version=&#8221;4.17.4&#8243; _module_preset=&#8221;default&#8221; text_font=&#8221;Open Sans||||||||&#8221; text_text_color=&#8221;#0A592F&#8221; text_font_size=&#8221;18px&#8221; text_line_height=&#8221;1.8em&#8221; header_3_font=&#8221;Work Sans|600|||||||&#8221; header_3_font_size=&#8221;29px&#8221; custom_margin=&#8221;||13px|||&#8221; global_colors_info=&#8221;{}&#8221;]<\/p>\n<p>Phone<\/p>\n<h3>+358 (0)20 779 2233<\/h3>\n<p>Mon &#8211; Fri, 9 am to 3 pm (EET)<\/p>\n<p>[\/et_pb_text][\/et_pb_column_inner][et_pb_column_inner type=&#8221;1_2&#8243; saved_specialty_column_type=&#8221;2_3&#8243; _builder_version=&#8221;4.16&#8243; _module_preset=&#8221;default&#8221; global_colors_info=&#8221;{}&#8221;][et_pb_text _builder_version=&#8221;4.17.4&#8243; _module_preset=&#8221;default&#8221; text_font=&#8221;Open Sans||||||||&#8221; text_text_color=&#8221;#0A592F&#8221; text_font_size=&#8221;18px&#8221; text_line_height=&#8221;2.7em&#8221; header_3_font=&#8221;Work Sans|600|||||||&#8221; header_3_font_size=&#8221;29px&#8221; global_colors_info=&#8221;{}&#8221;]<\/p>\n<p>Email<\/p>\n<h3>info(a)lymed.fi<\/h3>\n<p>[\/et_pb_text][\/et_pb_column_inner][\/et_pb_row_inner][et_pb_row_inner _builder_version=&#8221;4.16&#8243; _module_preset=&#8221;default&#8221; custom_padding=&#8221;21px||0px|||&#8221; global_colors_info=&#8221;{}&#8221;][et_pb_column_inner saved_specialty_column_type=&#8221;2_3&#8243; _builder_version=&#8221;4.16&#8243; _module_preset=&#8221;default&#8221; global_colors_info=&#8221;{}&#8221;][et_pb_divider _builder_version=&#8221;4.16&#8243; _module_preset=&#8221;default&#8221; global_colors_info=&#8221;{}&#8221;][\/et_pb_divider][\/et_pb_column_inner][\/et_pb_row_inner][et_pb_row_inner _builder_version=&#8221;4.16&#8243; _module_preset=&#8221;default&#8221; custom_padding=&#8221;19px||0px|||&#8221; global_colors_info=&#8221;{}&#8221;][et_pb_column_inner saved_specialty_column_type=&#8221;2_3&#8243; _builder_version=&#8221;4.16&#8243; _module_preset=&#8221;default&#8221; global_colors_info=&#8221;{}&#8221;][et_pb_text _builder_version=&#8221;4.17.3&#8243; _module_preset=&#8221;default&#8221; text_font=&#8221;Work Sans||||||||&#8221; text_font_size=&#8221;18px&#8221; text_line_height=&#8221;2.7em&#8221; header_3_font=&#8221;Work Sans|600|||||||&#8221; header_3_font_size=&#8221;29px&#8221; custom_margin=&#8221;||19px|||&#8221; global_colors_info=&#8221;{}&#8221;]<\/p>\n<h3>Customers:<\/h3>\n<p>[\/et_pb_text][\/et_pb_column_inner][\/et_pb_row_inner][et_pb_row_inner _builder_version=&#8221;4.16&#8243; _module_preset=&#8221;default&#8221; custom_padding=&#8221;21px||14px|||&#8221; global_colors_info=&#8221;{}&#8221;][et_pb_column_inner saved_specialty_column_type=&#8221;2_3&#8243; _builder_version=&#8221;4.16&#8243; _module_preset=&#8221;default&#8221; global_colors_info=&#8221;{}&#8221;][et_pb_text _builder_version=&#8221;4.17.6&#8243; _module_preset=&#8221;default&#8221; text_font=&#8221;Work Sans||||||||&#8221; text_font_size=&#8221;17px&#8221; header_3_font=&#8221;Work Sans|600|||||||&#8221; header_3_font_size=&#8221;23px&#8221; header_3_line_height=&#8221;1.3em&#8221; header_3_font_size_tablet=&#8221;23px&#8221; header_3_font_size_phone=&#8221;22px&#8221; header_3_font_size_last_edited=&#8221;on|phone&#8221; header_3_line_height_tablet=&#8221;&#8221; header_3_line_height_phone=&#8221;1.3em&#8221; header_3_line_height_last_edited=&#8221;on|phone&#8221; global_colors_info=&#8221;{}&#8221;]<\/p>\n<h3>Opening hours:<br \/>Mon &#8211; Fri daily\u00a0 8 am &#8211; 4 pm (EET)<\/h3>\n<p>&nbsp;<\/p>\n<h3>Pyh\u00e4j\u00e4rvenkatu 5<br \/>33200 Tampere<\/h3>\n<p>[\/et_pb_text][et_pb_text _builder_version=&#8221;4.17.4&#8243; _module_preset=&#8221;default&#8221; text_font=&#8221;Work Sans||||||||&#8221; text_font_size=&#8221;17px&#8221; header_3_font=&#8221;Work Sans|600|||||||&#8221; header_4_font=&#8221;Work Sans|600|||||||&#8221; header_4_font_size=&#8221;17px&#8221; header_4_line_height=&#8221;1.2em&#8221; text_font_size_tablet=&#8221;17px&#8221; text_font_size_phone=&#8221;16px&#8221; text_font_size_last_edited=&#8221;on|phone&#8221; global_colors_info=&#8221;{}&#8221;]<\/p>\n<h4>Entrance from Pyh\u00e4j\u00e4rvenkatu, street level.<\/h4>\n<p>Please let us know if special assistance is required during your visit.<\/p>\n<p>[\/et_pb_text][et_pb_code admin_label=&#8221;Kartta&#8221; _builder_version=&#8221;4.17.4&#8243; _module_preset=&#8221;default&#8221; global_colors_info=&#8221;{}&#8221;]<iframe src=\"https:\/\/www.google.com\/maps\/embed?pb=!1m18!1m12!1m3!1d3808.453255834528!2d23.75145825506363!3d61.49264863680418!2m3!1f0!2f0!3f0!3m2!1i1024!2i768!4f13.1!3m3!1m2!1s0x468ed8b193d80e4f%3A0x697e1abaa91168f1!2sLymed%20Oy!5e0!3m2!1sfi!2sfi!4v1644919663698!5m2!1sfi!2sfi\" width=\"600\" height=\"450\" style=\"border:0;\" allowfullscreen=\"\" loading=\"lazy\"><\/iframe>[\/et_pb_code][et_pb_image src=&#8221;https:\/\/lymed.fi\/en\/wp-content\/uploads\/2022\/03\/lymed-etuovi.jpg&#8221; title_text=&#8221;lymed-etuovi&#8221; _builder_version=&#8221;4.16&#8243; _module_preset=&#8221;default&#8221; global_colors_info=&#8221;{}&#8221;][\/et_pb_image][\/et_pb_column_inner][\/et_pb_row_inner][et_pb_row_inner _builder_version=&#8221;4.16&#8243; _module_preset=&#8221;default&#8221; custom_padding=&#8221;24px||14px|||&#8221; global_colors_info=&#8221;{}&#8221;][et_pb_column_inner saved_specialty_column_type=&#8221;2_3&#8243; _builder_version=&#8221;4.16&#8243; _module_preset=&#8221;default&#8221; global_colors_info=&#8221;{}&#8221;][et_pb_divider _builder_version=&#8221;4.16&#8243; _module_preset=&#8221;default&#8221; global_colors_info=&#8221;{}&#8221;][\/et_pb_divider][\/et_pb_column_inner][\/et_pb_row_inner][et_pb_row_inner _builder_version=&#8221;4.16&#8243; _module_preset=&#8221;default&#8221; custom_margin=&#8221;0px|||||&#8221; custom_padding=&#8221;23px||0px|||&#8221; global_colors_info=&#8221;{}&#8221;][et_pb_column_inner saved_specialty_column_type=&#8221;2_3&#8243; _builder_version=&#8221;4.16&#8243; _module_preset=&#8221;default&#8221; global_colors_info=&#8221;{}&#8221;][et_pb_text _builder_version=&#8221;4.17.4&#8243; _module_preset=&#8221;default&#8221; text_font=&#8221;Work Sans||||||||&#8221; text_font_size=&#8221;18px&#8221; text_line_height=&#8221;2.7em&#8221; header_3_font=&#8221;Work Sans|600|||||||&#8221; header_3_font_size=&#8221;29px&#8221; custom_margin=&#8221;||19px|||&#8221; global_colors_info=&#8221;{}&#8221;]<\/p>\n<h3>Mailing address:<\/h3>\n<p>[\/et_pb_text][et_pb_text _builder_version=&#8221;4.17.4&#8243; _module_preset=&#8221;default&#8221; text_font=&#8221;Work Sans||||||||&#8221; text_font_size=&#8221;17px&#8221; header_3_font=&#8221;Work Sans||||||||&#8221; header_3_font_size=&#8221;21px&#8221; global_colors_info=&#8221;{}&#8221;]<\/p>\n<h3>Pyh\u00e4j\u00e4rvenkatu 5, 33200 Tampere FINLAND<\/h3>\n<p>[\/et_pb_text][et_pb_text _builder_version=&#8221;4.17.4&#8243; _module_preset=&#8221;default&#8221; text_font=&#8221;Work Sans||||||||&#8221; text_font_size=&#8221;18px&#8221; text_line_height=&#8221;2.7em&#8221; header_3_font=&#8221;Work Sans|600|||||||&#8221; header_3_font_size=&#8221;29px&#8221; custom_margin=&#8221;||19px|||&#8221; global_colors_info=&#8221;{}&#8221;]<\/p>\n<h3>Reception of goods:<\/h3>\n<p>[\/et_pb_text][et_pb_text _builder_version=&#8221;4.17.4&#8243; _module_preset=&#8221;default&#8221; text_font=&#8221;Work Sans||||||||&#8221; text_font_size=&#8221;17px&#8221; header_3_font=&#8221;Work Sans||||||||&#8221; header_3_font_size=&#8221;19px&#8221; header_3_line_height=&#8221;1.4em&#8221; global_colors_info=&#8221;{}&#8221;]<\/p>\n<h3>Pyh\u00e4j\u00e4rvenkatu 5 A, 33200 Tampere<br \/>Level -1, below street level<\/h3>\n<p>[\/et_pb_text][\/et_pb_column_inner][\/et_pb_row_inner][\/et_pb_column][\/et_pb_section]<\/p>\n","protected":false},"excerpt":{"rendered":"<p><span><span><a href=\"https:\/\/lymed.fi\/en\/\">Lymed<\/a><\/span><\/span> Customer service:Phone +358 (0)20 779 2233 Mon &#8211; Fri, 9 am to 3 pm (EET)Email info(a)lymed.fiCustomers:Opening hours:Mon &#8211; Fri daily\u00a0 8 am &#8211; 4 pm (EET) &nbsp; Pyh\u00e4j\u00e4rvenkatu 533200 TampereEntrance from Pyh\u00e4j\u00e4rvenkatu, street level. Please let us know if special assistance is required during your visit.Mailing address:Pyh\u00e4j\u00e4rvenkatu 5, 33200 Tampere FINLANDReception of goods:Pyh\u00e4j\u00e4rvenkatu 5 [&hellip;]<\/p>\n","protected":false},"author":1,"featured_media":0,"parent":0,"menu_order":0,"comment_status":"closed","ping_status":"closed","template":"","meta":{"_et_pb_use_builder":"on","_et_pb_old_content":"","_et_gb_content_width":"","inline_featured_image":false,"footnotes":""},"class_list":["post-1227","page","type-page","status-publish","hentry"],"yoast_head":"<!-- This site is optimized with the Yoast SEO plugin v27.4 - https:\/\/yoast.com\/product\/yoast-seo-wordpress\/ -->\n<title>Contact Details - Lymed<\/title>\n<meta name=\"robots\" content=\"index, follow, max-snippet:-1, max-image-preview:large, max-video-preview:-1\" \/>\n<link rel=\"canonical\" href=\"https:\/\/lymed.fi\/en\/contact\/\" \/>\n<meta property=\"og:locale\" content=\"en_US\" \/>\n<meta property=\"og:type\" content=\"article\" \/>\n<meta property=\"og:title\" content=\"Contact Details - Lymed\" \/>\n<meta property=\"og:description\" content=\"Customer service:Phone +358 (0)20 779 2233 Mon - Fri, 9 am to 3 pm (EET)Email info(a)lymed.fiCustomers:Opening hours:Mon - Fri daily\u00a0 8 am - 4 pm (EET) &nbsp; Pyh\u00e4j\u00e4rvenkatu 533200 TampereEntrance from Pyh\u00e4j\u00e4rvenkatu, street level. Please let us know if special assistance is required during your visit.Mailing address:Pyh\u00e4j\u00e4rvenkatu 5, 33200 Tampere FINLANDReception of goods:Pyh\u00e4j\u00e4rvenkatu 5 [&hellip;]\" \/>\n<meta property=\"og:url\" content=\"https:\/\/lymed.fi\/en\/contact\/\" \/>\n<meta property=\"og:site_name\" content=\"Lymed\" \/>\n<meta property=\"article:publisher\" content=\"https:\/\/www.facebook.com\/lymedoy\/\" \/>\n<meta property=\"article:modified_time\" content=\"2022-08-09T06:53:13+00:00\" \/>\n<meta name=\"twitter:card\" content=\"summary_large_image\" \/>\n<meta name=\"twitter:label1\" content=\"Est. reading time\" \/>\n\t<meta name=\"twitter:data1\" content=\"8 minutes\" \/>\n<script type=\"application\/ld+json\" class=\"yoast-schema-graph\">{\"@context\":\"https:\\\/\\\/schema.org\",\"@graph\":[{\"@type\":\"WebPage\",\"@id\":\"https:\\\/\\\/lymed.fi\\\/en\\\/contact\\\/\",\"url\":\"https:\\\/\\\/lymed.fi\\\/en\\\/contact\\\/\",\"name\":\"Contact Details - Lymed\",\"isPartOf\":{\"@id\":\"https:\\\/\\\/lymed.fi\\\/en\\\/#website\"},\"datePublished\":\"2022-01-24T08:22:32+00:00\",\"dateModified\":\"2022-08-09T06:53:13+00:00\",\"breadcrumb\":{\"@id\":\"https:\\\/\\\/lymed.fi\\\/en\\\/contact\\\/#breadcrumb\"},\"inLanguage\":\"en-US\",\"potentialAction\":[{\"@type\":\"ReadAction\",\"target\":[\"https:\\\/\\\/lymed.fi\\\/en\\\/contact\\\/\"]}]},{\"@type\":\"BreadcrumbList\",\"@id\":\"https:\\\/\\\/lymed.fi\\\/en\\\/contact\\\/#breadcrumb\",\"itemListElement\":[{\"@type\":\"ListItem\",\"position\":1,\"name\":\"Lymed\",\"item\":\"https:\\\/\\\/lymed.fi\\\/en\\\/\"},{\"@type\":\"ListItem\",\"position\":2,\"name\":\"Contact Details\"}]},{\"@type\":\"WebSite\",\"@id\":\"https:\\\/\\\/lymed.fi\\\/en\\\/#website\",\"url\":\"https:\\\/\\\/lymed.fi\\\/en\\\/\",\"name\":\"Lymed\",\"description\":\"Pressure Garments from the Heart of Finland\",\"publisher\":{\"@id\":\"https:\\\/\\\/lymed.fi\\\/en\\\/#organization\"},\"potentialAction\":[{\"@type\":\"SearchAction\",\"target\":{\"@type\":\"EntryPoint\",\"urlTemplate\":\"https:\\\/\\\/lymed.fi\\\/en\\\/?s={search_term_string}\"},\"query-input\":{\"@type\":\"PropertyValueSpecification\",\"valueRequired\":true,\"valueName\":\"search_term_string\"}}],\"inLanguage\":\"en-US\"},{\"@type\":\"Organization\",\"@id\":\"https:\\\/\\\/lymed.fi\\\/en\\\/#organization\",\"name\":\"Lymed oy\",\"url\":\"https:\\\/\\\/lymed.fi\\\/en\\\/\",\"logo\":{\"@type\":\"ImageObject\",\"inLanguage\":\"en-US\",\"@id\":\"https:\\\/\\\/lymed.fi\\\/en\\\/#\\\/schema\\\/logo\\\/image\\\/\",\"url\":\"https:\\\/\\\/lymed.fi\\\/en\\\/wp-content\\\/uploads\\\/2022\\\/01\\\/lymed-logo.svg\",\"contentUrl\":\"https:\\\/\\\/lymed.fi\\\/en\\\/wp-content\\\/uploads\\\/2022\\\/01\\\/lymed-logo.svg\",\"width\":\"1024\",\"height\":\"1024\",\"caption\":\"Lymed oy\"},\"image\":{\"@id\":\"https:\\\/\\\/lymed.fi\\\/en\\\/#\\\/schema\\\/logo\\\/image\\\/\"},\"sameAs\":[\"https:\\\/\\\/www.facebook.com\\\/lymedoy\\\/\"]}]}<\/script>\n<!-- \/ Yoast SEO plugin. -->","yoast_head_json":{"title":"Contact Details - Lymed","robots":{"index":"index","follow":"follow","max-snippet":"max-snippet:-1","max-image-preview":"max-image-preview:large","max-video-preview":"max-video-preview:-1"},"canonical":"https:\/\/lymed.fi\/en\/contact\/","og_locale":"en_US","og_type":"article","og_title":"Contact Details - Lymed","og_description":"Customer service:Phone +358 (0)20 779 2233 Mon - Fri, 9 am to 3 pm (EET)Email info(a)lymed.fiCustomers:Opening hours:Mon - Fri daily\u00a0 8 am - 4 pm (EET) &nbsp; Pyh\u00e4j\u00e4rvenkatu 533200 TampereEntrance from Pyh\u00e4j\u00e4rvenkatu, street level. Please let us know if special assistance is required during your visit.Mailing address:Pyh\u00e4j\u00e4rvenkatu 5, 33200 Tampere FINLANDReception of goods:Pyh\u00e4j\u00e4rvenkatu 5 [&hellip;]","og_url":"https:\/\/lymed.fi\/en\/contact\/","og_site_name":"Lymed","article_publisher":"https:\/\/www.facebook.com\/lymedoy\/","article_modified_time":"2022-08-09T06:53:13+00:00","twitter_card":"summary_large_image","twitter_misc":{"Est. reading time":"8 minutes"},"schema":{"@context":"https:\/\/schema.org","@graph":[{"@type":"WebPage","@id":"https:\/\/lymed.fi\/en\/contact\/","url":"https:\/\/lymed.fi\/en\/contact\/","name":"Contact Details - Lymed","isPartOf":{"@id":"https:\/\/lymed.fi\/en\/#website"},"datePublished":"2022-01-24T08:22:32+00:00","dateModified":"2022-08-09T06:53:13+00:00","breadcrumb":{"@id":"https:\/\/lymed.fi\/en\/contact\/#breadcrumb"},"inLanguage":"en-US","potentialAction":[{"@type":"ReadAction","target":["https:\/\/lymed.fi\/en\/contact\/"]}]},{"@type":"BreadcrumbList","@id":"https:\/\/lymed.fi\/en\/contact\/#breadcrumb","itemListElement":[{"@type":"ListItem","position":1,"name":"Lymed","item":"https:\/\/lymed.fi\/en\/"},{"@type":"ListItem","position":2,"name":"Contact Details"}]},{"@type":"WebSite","@id":"https:\/\/lymed.fi\/en\/#website","url":"https:\/\/lymed.fi\/en\/","name":"Lymed","description":"Pressure Garments from the Heart of Finland","publisher":{"@id":"https:\/\/lymed.fi\/en\/#organization"},"potentialAction":[{"@type":"SearchAction","target":{"@type":"EntryPoint","urlTemplate":"https:\/\/lymed.fi\/en\/?s={search_term_string}"},"query-input":{"@type":"PropertyValueSpecification","valueRequired":true,"valueName":"search_term_string"}}],"inLanguage":"en-US"},{"@type":"Organization","@id":"https:\/\/lymed.fi\/en\/#organization","name":"Lymed oy","url":"https:\/\/lymed.fi\/en\/","logo":{"@type":"ImageObject","inLanguage":"en-US","@id":"https:\/\/lymed.fi\/en\/#\/schema\/logo\/image\/","url":"https:\/\/lymed.fi\/en\/wp-content\/uploads\/2022\/01\/lymed-logo.svg","contentUrl":"https:\/\/lymed.fi\/en\/wp-content\/uploads\/2022\/01\/lymed-logo.svg","width":"1024","height":"1024","caption":"Lymed oy"},"image":{"@id":"https:\/\/lymed.fi\/en\/#\/schema\/logo\/image\/"},"sameAs":["https:\/\/www.facebook.com\/lymedoy\/"]}]}},"_links":{"self":[{"href":"https:\/\/lymed.fi\/en\/wp-json\/wp\/v2\/pages\/1227","targetHints":{"allow":["GET"]}}],"collection":[{"href":"https:\/\/lymed.fi\/en\/wp-json\/wp\/v2\/pages"}],"about":[{"href":"https:\/\/lymed.fi\/en\/wp-json\/wp\/v2\/types\/page"}],"author":[{"embeddable":true,"href":"https:\/\/lymed.fi\/en\/wp-json\/wp\/v2\/users\/1"}],"replies":[{"embeddable":true,"href":"https:\/\/lymed.fi\/en\/wp-json\/wp\/v2\/comments?post=1227"}],"version-history":[{"count":1,"href":"https:\/\/lymed.fi\/en\/wp-json\/wp\/v2\/pages\/1227\/revisions"}],"predecessor-version":[{"id":265181,"href":"https:\/\/lymed.fi\/en\/wp-json\/wp\/v2\/pages\/1227\/revisions\/265181"}],"wp:attachment":[{"href":"https:\/\/lymed.fi\/en\/wp-json\/wp\/v2\/media?parent=1227"}],"curies":[{"name":"wp","href":"https:\/\/api.w.org\/{rel}","templated":true}]}}